{"id":1047,"date":"2026-04-29T21:14:41","date_gmt":"2026-04-29T21:14:41","guid":{"rendered":"https:\/\/fwgcr.com\/?page_id=1047"},"modified":"2026-04-29T21:22:54","modified_gmt":"2026-04-29T21:22:54","slug":"terms-of-use","status":"publish","type":"page","link":"https:\/\/fwgcr.com\/es\/terms-of-use\/","title":{"rendered":"T\u00e9rminos de Uso"},"content":{"rendered":"<div data-elementor-type=\"wp-page\" data-elementor-id=\"1047\" class=\"elementor elementor-1047\" data-elementor-post-type=\"page\">\n\t\t\t\t<div class=\"elementor-element elementor-element-39a739bd e-flex e-con-boxed e-con e-parent\" data-id=\"39a739bd\" data-element_type=\"container\" data-e-type=\"container\" data-settings=\"{&quot;background_background&quot;:&quot;classic&quot;}\">\n\t\t\t\t\t<div class=\"e-con-inner\">\n\t\t<div class=\"elementor-element elementor-element-4d581726 e-flex e-con-boxed e-con e-child\" data-id=\"4d581726\" data-element_type=\"container\" data-e-type=\"container\">\n\t\t\t\t\t<div class=\"e-con-inner\">\n\t\t\t\t<div class=\"elementor-element elementor-element-401a6efd elementor-invisible elementor-widget elementor-widget-heading\" data-id=\"401a6efd\" data-element_type=\"widget\" data-e-type=\"widget\" data-settings=\"{&quot;_animation&quot;:&quot;fadeInUp&quot;,&quot;_animation_delay&quot;:200}\" data-widget_type=\"heading.default\">\n\t\t\t\t\t<h1 class=\"elementor-heading-title elementor-size-default\">T\u00e9rminos de Uso<\/h1>\t\t\t\t<\/div>\n\t\t\t\t\t<\/div>\n\t\t\t\t<\/div>\n\t\t\t\t\t<\/div>\n\t\t\t\t<\/div>\n\t\t<div class=\"elementor-element elementor-element-7042dba6 e-flex e-con-boxed e-con e-parent\" data-id=\"7042dba6\" data-element_type=\"container\" data-e-type=\"container\">\n\t\t\t\t\t<div class=\"e-con-inner\">\n\t\t<div class=\"elementor-element elementor-element-206045e2 e-con-full e-flex elementor-invisible e-con e-child\" data-id=\"206045e2\" data-element_type=\"container\" data-e-type=\"container\" data-settings=\"{&quot;animation&quot;:&quot;fadeInRight&quot;}\">\n\t\t\t\t<div class=\"elementor-element elementor-element-64bfeb2f elementor-widget elementor-widget-text-editor\" data-id=\"64bfeb2f\" data-element_type=\"widget\" data-e-type=\"widget\" data-widget_type=\"text-editor.default\">\n\t\t\t\t\t\t\t\t\t<p class=\"ds-markdown-paragraph\" style=\"text-align: right;\"><strong>\u00daltima Actualizaci\u00f3n:<\/strong> 29 de Abril, 2026<\/p><p class=\"ds-markdown-paragraph\">Bienvenido al sitio web de Four Wings Group. Al acceder o utilizar <code>https:\/\/fwgcr.com<\/code> (el \u00abSitio\u00bb), usted acepta regirse por estas Condiciones de uso. Si no est\u00e1 de acuerdo, le rogamos que no utilice el Sitio.<\/p><h4 class=\"ds-markdown-paragraph\"><strong>1. Uso del contenido del Sitio<\/strong><\/h4><p class=\"ds-markdown-paragraph\">Todo el contenido de este Sitio tiene fines informativos generales sobre nuestros servicios de suministro de personal para el mantenimiento de la aviaci\u00f3n comercial. Usted puede ver y descargar p\u00e1ginas \u00fanicamente para uso personal y no comercial. No puede reproducir, distribuir, modificar ni volver a publicar ning\u00fan contenido sin nuestro consentimiento previo por escrito.<\/p><h4 class=\"ds-markdown-paragraph\"><strong>2. Ausencia de garant\u00eda<\/strong><\/h4><p class=\"ds-markdown-paragraph\">Four Wings Group proporciona servicios de suministro de personal, apoyo de ingenier\u00eda, planificaci\u00f3n, control de mantenimiento e inspecci\u00f3n a organizaciones de mantenimiento, reparaci\u00f3n y revisi\u00f3n (MRO) y aerol\u00edneas en Am\u00e9rica. Sin embargo, no hacemos declaraciones ni ofrecemos garant\u00edas de ning\u00fan tipo con respecto a la exactitud o integridad de la informaci\u00f3n de este Sitio. El uso que haga del Sitio es bajo su propio riesgo.<\/p><h4 class=\"ds-markdown-paragraph\"><strong>3. Limitaci\u00f3n de responsabilidad<\/strong><\/h4><p class=\"ds-markdown-paragraph\">En la medida en que lo permita la ley, Four Wings Group y sus propietarios, empleados y afiliados no ser\u00e1n responsables de ning\u00fan da\u00f1o que surja de su uso o imposibilidad de usar el Sitio.<\/p><h4 class=\"ds-markdown-paragraph\"><strong>4. Enlaces externos<\/strong><\/h4><p class=\"ds-markdown-paragraph\">Este Sitio puede contener enlaces a sitios web de terceros. No respaldamos ni asumimos responsabilidad alguna por el contenido de terceros.<\/p><h4 class=\"ds-markdown-paragraph\"><strong>5. Legislaci\u00f3n aplicable<\/strong><\/h4><p class=\"ds-markdown-paragraph\">Estos T\u00e9rminos se regir\u00e1n por las leyes de Costa Rica (o de su pa\u00eds de operaci\u00f3n; por favor, modifique seg\u00fan sea necesario).<\/p><h4 class=\"ds-markdown-paragraph\"><strong>6. Cambios en los T\u00e9rminos<\/strong><\/h4><p class=\"ds-markdown-paragraph\">Podemos modificar estos T\u00e9rminos en cualquier momento. Los cambios entrar\u00e1n en vigor en el momento de su publicaci\u00f3n. Su uso continuado del Sitio constituye su aceptaci\u00f3n.<\/p><h4 class=\"ds-markdown-paragraph\"><strong>7. Cont\u00e1ctenos<\/strong><\/h4><p class=\"ds-markdown-paragraph\">Si tiene alguna pregunta, por favor cont\u00e1ctenos a trav\u00e9s de la informaci\u00f3n que se encuentra en nuestro Sitio.<\/p>\t\t\t\t\t\t\t\t<\/div>\n\t\t\t\t<\/div>\n\t\t\t\t\t<\/div>\n\t\t\t\t<\/div>\n\t\t\t\t<\/div>","protected":false},"excerpt":{"rendered":"<p>Terms of Use Last Updated: April 29th, 2026 Welcome to the Four Wings Group website. By accessing or using https:\/\/fwgcr.com (the &#8220;Site&#8221;), you agree to be bound by these Terms of Use. If you do not agree, please do not use the Site. 1. Use of Site Content All content on this Site is for [&hellip;]<\/p>\n","protected":false},"author":1,"featured_media":0,"parent":0,"menu_order":0,"comment_status":"closed","ping_status":"closed","template":"elementor_header_footer","meta":{"footnotes":""},"class_list":["post-1047","page","type-page","status-publish","hentry"],"_links":{"self":[{"href":"https:\/\/fwgcr.com\/es\/wp-json\/wp\/v2\/pages\/1047","targetHints":{"allow":["GET"]}}],"collection":[{"href":"https:\/\/fwgcr.com\/es\/wp-json\/wp\/v2\/pages"}],"about":[{"href":"https:\/\/fwgcr.com\/es\/wp-json\/wp\/v2\/types\/page"}],"author":[{"embeddable":true,"href":"https:\/\/fwgcr.com\/es\/wp-json\/wp\/v2\/users\/1"}],"replies":[{"embeddable":true,"href":"https:\/\/fwgcr.com\/es\/wp-json\/wp\/v2\/comments?post=1047"}],"version-history":[{"count":13,"href":"https:\/\/fwgcr.com\/es\/wp-json\/wp\/v2\/pages\/1047\/revisions"}],"predecessor-version":[{"id":1060,"href":"https:\/\/fwgcr.com\/es\/wp-json\/wp\/v2\/pages\/1047\/revisions\/1060"}],"wp:attachment":[{"href":"https:\/\/fwgcr.com\/es\/wp-json\/wp\/v2\/media?parent=1047"}],"curies":[{"name":"wp","href":"https:\/\/api.w.org\/{rel}","templated":true}]}}