{"id":1075,"date":"2026-04-29T21:36:20","date_gmt":"2026-04-29T21:36:20","guid":{"rendered":"https:\/\/fwgcr.com\/?page_id=1075"},"modified":"2026-04-29T21:43:15","modified_gmt":"2026-04-29T21:43:15","slug":"cookie-policy","status":"publish","type":"page","link":"https:\/\/fwgcr.com\/es\/cookie-policy\/","title":{"rendered":"Pol\u00edtica de Cookies"},"content":{"rendered":"<div data-elementor-type=\"wp-page\" data-elementor-id=\"1075\" class=\"elementor elementor-1075\" data-elementor-post-type=\"page\">\n\t\t\t\t<div class=\"elementor-element elementor-element-39a739bd e-flex e-con-boxed e-con e-parent\" data-id=\"39a739bd\" data-element_type=\"container\" data-e-type=\"container\" data-settings=\"{&quot;background_background&quot;:&quot;classic&quot;}\">\n\t\t\t\t\t<div class=\"e-con-inner\">\n\t\t<div class=\"elementor-element elementor-element-4d581726 e-flex e-con-boxed e-con e-child\" data-id=\"4d581726\" data-element_type=\"container\" data-e-type=\"container\">\n\t\t\t\t\t<div class=\"e-con-inner\">\n\t\t\t\t<div class=\"elementor-element elementor-element-401a6efd elementor-invisible elementor-widget elementor-widget-heading\" data-id=\"401a6efd\" data-element_type=\"widget\" data-e-type=\"widget\" data-settings=\"{&quot;_animation&quot;:&quot;fadeInUp&quot;,&quot;_animation_delay&quot;:200}\" data-widget_type=\"heading.default\">\n\t\t\t\t\t<h1 class=\"elementor-heading-title elementor-size-default\">Pol\u00edtica de Cookies<\/h1>\t\t\t\t<\/div>\n\t\t\t\t\t<\/div>\n\t\t\t\t<\/div>\n\t\t\t\t\t<\/div>\n\t\t\t\t<\/div>\n\t\t<div class=\"elementor-element elementor-element-7042dba6 e-flex e-con-boxed e-con e-parent\" data-id=\"7042dba6\" data-element_type=\"container\" data-e-type=\"container\">\n\t\t\t\t\t<div class=\"e-con-inner\">\n\t\t<div class=\"elementor-element elementor-element-ffbe869 e-con-full e-flex elementor-invisible e-con e-child\" data-id=\"ffbe869\" data-element_type=\"container\" data-e-type=\"container\" data-settings=\"{&quot;animation&quot;:&quot;fadeInRight&quot;}\">\n\t\t\t\t<div class=\"elementor-element elementor-element-5a1fa9c elementor-widget elementor-widget-text-editor\" data-id=\"5a1fa9c\" data-element_type=\"widget\" data-e-type=\"widget\" data-widget_type=\"text-editor.default\">\n\t\t\t\t\t\t\t\t\t<p class=\"ds-markdown-paragraph\" style=\"text-align: right;\"><strong>\u00daltima Actualizaci\u00f3n:<\/strong> 29 de Abril, 2026<\/p><p class=\"ds-markdown-paragraph\">Esta Pol\u00edtica de cookies explica c\u00f3mo Four Wings Group utiliza cookies y tecnolog\u00edas similares en <a href=\"https:\/\/fwgcr.com\/es\/\" target=\"_blank\" rel=\"noopener\">https:\/\/fwgcr.com<\/a><\/p><h4 class=\"ds-markdown-paragraph\"><strong>1. \u00bfQu\u00e9 son las cookies?<\/strong><\/h4><p class=\"ds-markdown-paragraph\">Las cookies son peque\u00f1os archivos de texto que se almacenan en su dispositivo cuando visita un sitio web. Ayudan al funcionamiento del sitio y proporcionan datos anal\u00edticos.<\/p><h4 class=\"ds-markdown-paragraph\"><strong>2. C\u00f3mo utilizamos las cookies<\/strong><\/h4><p class=\"ds-markdown-paragraph\">Utilizamos los siguientes tipos de cookies:<\/p><ul><li><p class=\"ds-markdown-paragraph\"><strong>Cookies esenciales:<\/strong> Necesarias para las funciones b\u00e1sicas del sitio (por ejemplo, navegaci\u00f3n, env\u00edo de formularios).<\/p><\/li><li><p class=\"ds-markdown-paragraph\"><strong>Cookies de rendimiento\/an\u00e1lisis:<\/strong> Para comprender c\u00f3mo los visitantes utilizan nuestro sitio (por ejemplo, p\u00e1ginas visitadas, tiempo de permanencia). Podemos utilizar servicios como Google Analytics.<\/p><\/li><\/ul><p class=\"ds-markdown-paragraph\">Nosotros <strong>no<\/strong> utilizamos Cookies con fines publicitarios o de marketing.<\/p><h4 class=\"ds-markdown-paragraph\"><strong>3. Cookies de terceros<\/strong><\/h4><p class=\"ds-markdown-paragraph\">Nuestro sitio puede incorporar contenido (por ejemplo, formularios de contacto) que establece cookies de dominios de terceros. No controlamos esas cookies.<\/p><h4 class=\"ds-markdown-paragraph\"><strong>4. Sus opciones con respecto a las cookies<\/strong><\/h4><p class=\"ds-markdown-paragraph\">Puede controlar las cookies a trav\u00e9s de la configuraci\u00f3n de su navegador. Usted puede:<\/p><ul><li><p class=\"ds-markdown-paragraph\">Aceptar o rechazar cookies.<\/p><\/li><li><p class=\"ds-markdown-paragraph\">Eliminar las cookies existentes.<\/p><\/li><li><p class=\"ds-markdown-paragraph\">Configurar su navegador para que le notifique antes de que se instale una cookie.<\/p><\/li><\/ul><p class=\"ds-markdown-paragraph\">Si desactiva las cookies esenciales, es posible que algunas partes de nuestro Sitio no funcionen correctamente.<\/p><h4 class=\"ds-markdown-paragraph\"><strong>5. Cambios en esta pol\u00edtica<\/strong><\/h4><p class=\"ds-markdown-paragraph\">Podemos actualizar esta Pol\u00edtica de cookies. Los cambios se publicar\u00e1n con una fecha de \u00ab\u00daltima actualizaci\u00f3n\u00bb revisada.<\/p><h4 class=\"ds-markdown-paragraph\"><strong>6. Cont\u00e1ctenos<\/strong><\/h4><p class=\"ds-markdown-paragraph\">Si tiene preguntas sobre las cookies, cont\u00e1ctenos a trav\u00e9s de la informaci\u00f3n que se encuentra en nuestro Sitio.<\/p><p>\u00a0<\/p>\t\t\t\t\t\t\t\t<\/div>\n\t\t\t\t<\/div>\n\t\t\t\t\t<\/div>\n\t\t\t\t<\/div>\n\t\t\t\t<\/div>","protected":false},"excerpt":{"rendered":"<p>Cookie Policy Last Updated: April 29th, 2026 This Cookie Policy explains how Four Wings Group uses cookies and similar technologies on https:\/\/fwgcr.com 1. What Are Cookies? Cookies are small text files placed on your device when you visit a website. They help the site function and provide analytics. 2. How We Use Cookies We use [&hellip;]<\/p>\n","protected":false},"author":1,"featured_media":0,"parent":0,"menu_order":0,"comment_status":"closed","ping_status":"closed","template":"elementor_header_footer","meta":{"footnotes":""},"class_list":["post-1075","page","type-page","status-publish","hentry"],"_links":{"self":[{"href":"https:\/\/fwgcr.com\/es\/wp-json\/wp\/v2\/pages\/1075","targetHints":{"allow":["GET"]}}],"collection":[{"href":"https:\/\/fwgcr.com\/es\/wp-json\/wp\/v2\/pages"}],"about":[{"href":"https:\/\/fwgcr.com\/es\/wp-json\/wp\/v2\/types\/page"}],"author":[{"embeddable":true,"href":"https:\/\/fwgcr.com\/es\/wp-json\/wp\/v2\/users\/1"}],"replies":[{"embeddable":true,"href":"https:\/\/fwgcr.com\/es\/wp-json\/wp\/v2\/comments?post=1075"}],"version-history":[{"count":10,"href":"https:\/\/fwgcr.com\/es\/wp-json\/wp\/v2\/pages\/1075\/revisions"}],"predecessor-version":[{"id":1091,"href":"https:\/\/fwgcr.com\/es\/wp-json\/wp\/v2\/pages\/1075\/revisions\/1091"}],"wp:attachment":[{"href":"https:\/\/fwgcr.com\/es\/wp-json\/wp\/v2\/media?parent=1075"}],"curies":[{"name":"wp","href":"https:\/\/api.w.org\/{rel}","templated":true}]}}