{"id":353,"date":"2026-03-13T20:42:49","date_gmt":"2026-03-13T20:42:49","guid":{"rendered":"https:\/\/fwgcr.com\/?page_id=353"},"modified":"2026-04-08T21:16:00","modified_gmt":"2026-04-08T21:16:00","slug":"about-us","status":"publish","type":"page","link":"https:\/\/fwgcr.com\/es\/about-us\/","title":{"rendered":"Sobre Nosotros"},"content":{"rendered":"<div data-elementor-type=\"wp-page\" data-elementor-id=\"353\" class=\"elementor elementor-353\" data-elementor-post-type=\"page\">\n\t\t\t\t<div class=\"elementor-element elementor-element-66f4b6d6 e-flex e-con-boxed e-con e-parent\" data-id=\"66f4b6d6\" data-element_type=\"container\" data-e-type=\"container\" data-settings=\"{&quot;background_background&quot;:&quot;classic&quot;}\">\n\t\t\t\t\t<div class=\"e-con-inner\">\n\t\t<div class=\"elementor-element elementor-element-4dec64a4 e-flex e-con-boxed e-con e-child\" data-id=\"4dec64a4\" data-element_type=\"container\" data-e-type=\"container\">\n\t\t\t\t\t<div class=\"e-con-inner\">\n\t\t\t\t<div class=\"elementor-element elementor-element-88de1d4 elementor-invisible elementor-widget elementor-widget-heading\" data-id=\"88de1d4\" data-element_type=\"widget\" data-e-type=\"widget\" data-settings=\"{&quot;_animation&quot;:&quot;fadeInUp&quot;,&quot;_animation_delay&quot;:200}\" data-widget_type=\"heading.default\">\n\t\t\t\t\t<h6 class=\"elementor-heading-title elementor-size-default\">Sobre Nosotros<\/h6>\t\t\t\t<\/div>\n\t\t\t\t<div class=\"elementor-element elementor-element-c593c09 elementor-invisible elementor-widget elementor-widget-heading\" data-id=\"c593c09\" data-element_type=\"widget\" data-e-type=\"widget\" data-settings=\"{&quot;_animation&quot;:&quot;fadeInUp&quot;,&quot;_animation_delay&quot;:300}\" data-widget_type=\"heading.default\">\n\t\t\t\t\t<h1 class=\"elementor-heading-title elementor-size-default\">Somos una empresa dedicada a la provisi\u00f3n de personal para el mantenimiento de la aviaci\u00f3n comercial<\/h1>\t\t\t\t<\/div>\n\t\t\t\t<div class=\"elementor-element elementor-element-83a8c6d elementor-widget elementor-widget-heading\" data-id=\"83a8c6d\" data-element_type=\"widget\" data-e-type=\"widget\" data-widget_type=\"heading.default\">\n\t\t\t\t\t<h4 class=\"elementor-heading-title elementor-size-default\">Prestamos apoyo tanto a empresas de mantenimiento, reparaci\u00f3n y revisi\u00f3n (MRO) como a aerol\u00edneas en Am\u00e9rica.<\/h4>\t\t\t\t<\/div>\n\t\t\t\t\t<\/div>\n\t\t\t\t<\/div>\n\t\t\t\t\t<\/div>\n\t\t\t\t<\/div>\n\t\t<div class=\"elementor-element elementor-element-d9fc19b e-flex e-con-boxed e-con e-parent\" data-id=\"d9fc19b\" data-element_type=\"container\" data-e-type=\"container\">\n\t\t\t\t\t<div class=\"e-con-inner\">\n\t\t<div class=\"elementor-element elementor-element-11605ec7 e-con-full e-flex elementor-invisible e-con e-child\" data-id=\"11605ec7\" data-element_type=\"container\" data-e-type=\"container\" data-settings=\"{&quot;animation&quot;:&quot;fadeInLeft&quot;,&quot;background_background&quot;:&quot;video&quot;,&quot;background_video_link&quot;:&quot;https:\\\/\\\/youtube.com\\\/shorts\\\/2YSbgSKYL8M&quot;,&quot;background_play_once&quot;:&quot;yes&quot;,&quot;background_play_on_mobile&quot;:&quot;yes&quot;}\">\n\t\t<div class=\"elementor-background-video-container\">\n\t\t\t\t\t\t\t<div class=\"elementor-background-video-embed\" role=\"presentation\"><\/div>\n\t\t\t\t\t\t<\/div>\t\t<\/div>\n\t\t<div class=\"elementor-element elementor-element-478f631a e-con-full e-flex elementor-invisible e-con e-child\" data-id=\"478f631a\" data-element_type=\"container\" data-e-type=\"container\" data-settings=\"{&quot;animation&quot;:&quot;fadeInRight&quot;}\">\n\t\t\t\t<div class=\"elementor-element elementor-element-178257f5 elementor-widget elementor-widget-heading\" data-id=\"178257f5\" data-element_type=\"widget\" data-e-type=\"widget\" data-widget_type=\"heading.default\">\n\t\t\t\t\t<h6 class=\"elementor-heading-title elementor-size-default\">Qui\u00e9nes somos<\/h6>\t\t\t\t<\/div>\n\t\t\t\t<div class=\"elementor-element elementor-element-98c816c elementor-widget elementor-widget-heading\" data-id=\"98c816c\" data-element_type=\"widget\" data-e-type=\"widget\" data-widget_type=\"heading.default\">\n\t\t\t\t\t<h2 class=\"elementor-heading-title elementor-size-default\">FOUR WINGS es una organizaci\u00f3n dedicada a la provisi\u00f3n de personal para el mantenimiento de la aviaci\u00f3n comercial<\/h2>\t\t\t\t<\/div>\n\t\t\t\t<div class=\"elementor-element elementor-element-ce034e6 elementor-widget elementor-widget-text-editor\" data-id=\"ce034e6\" data-element_type=\"widget\" data-e-type=\"widget\" data-widget_type=\"text-editor.default\">\n\t\t\t\t\t\t\t\t\t<p>Prestamos apoyo tanto a empresas de mantenimiento, reparaci\u00f3n y revisi\u00f3n (MRO) como a aerol\u00edneas en Am\u00e9rica.<\/p><p>Nuestros clientes potenciales se encuentran repartidos por todo el continente americano.<\/p><p>En FOUR WINGS, nuestro objetivo es colaborar y contribuir con otras empresas de MRO y aerol\u00edneas del hemisferio occidental, poniendo a su disposici\u00f3n nuestra mano de obra altamente cualificada y nuestros servicios para ayudarles a desarrollar y satisfacer sus necesidades de mantenimiento.<\/p>\t\t\t\t\t\t\t\t<\/div>\n\t\t\t\t<div class=\"elementor-element elementor-element-dc9eed1 elementor-widget elementor-widget-image\" data-id=\"dc9eed1\" data-element_type=\"widget\" data-e-type=\"widget\" data-widget_type=\"image.default\">\n\t\t\t\t\t\t\t\t\t\t\t\t\t\t\t<img loading=\"lazy\" decoding=\"async\" width=\"768\" height=\"604\" src=\"https:\/\/fwgcr.com\/wp-content\/uploads\/2026\/03\/four-wings-group-aircraft-engine-768x604.webp\" class=\"attachment-medium_large size-medium_large wp-image-471\" alt=\"\" srcset=\"https:\/\/fwgcr.com\/wp-content\/uploads\/2026\/03\/four-wings-group-aircraft-engine-768x604.webp 768w, https:\/\/fwgcr.com\/wp-content\/uploads\/2026\/03\/four-wings-group-aircraft-engine-300x236.webp 300w, https:\/\/fwgcr.com\/wp-content\/uploads\/2026\/03\/four-wings-group-aircraft-engine-15x12.webp 15w, https:\/\/fwgcr.com\/wp-content\/uploads\/2026\/03\/four-wings-group-aircraft-engine.webp 820w\" sizes=\"auto, (max-width: 768px) 100vw, 768px\" \/>\t\t\t\t\t\t\t\t\t\t\t\t\t\t\t<\/div>\n\t\t\t\t<\/div>\n\t\t\t\t\t<\/div>\n\t\t\t\t<\/div>\n\t\t<div class=\"elementor-element elementor-element-119e72f4 e-flex e-con-boxed e-con e-parent\" data-id=\"119e72f4\" data-element_type=\"container\" data-e-type=\"container\" data-settings=\"{&quot;background_background&quot;:&quot;classic&quot;}\">\n\t\t\t\t\t<div class=\"e-con-inner\">\n\t\t<div class=\"elementor-element elementor-element-441191e6 e-con-full e-flex elementor-invisible e-con e-child\" data-id=\"441191e6\" data-element_type=\"container\" data-e-type=\"container\" data-settings=\"{&quot;background_background&quot;:&quot;gradient&quot;,&quot;animation&quot;:&quot;fadeInLeft&quot;}\">\n\t\t\t\t<div class=\"elementor-element elementor-element-272423d6 elementor-view-stacked elementor-position-inline-start elementor-tablet-position-block-start elementor-shape-circle elementor-mobile-position-block-start elementor-widget elementor-widget-icon-box\" data-id=\"272423d6\" data-element_type=\"widget\" data-e-type=\"widget\" data-widget_type=\"icon-box.default\">\n\t\t\t\t\t\t\t<div class=\"elementor-icon-box-wrapper\">\n\n\t\t\t\t\t\t<div class=\"elementor-icon-box-icon\">\n\t\t\t\t<span  class=\"elementor-icon\">\n\t\t\t\t<svg xmlns=\"http:\/\/www.w3.org\/2000\/svg\" xmlns:xlink=\"http:\/\/www.w3.org\/1999\/xlink\" id=\"Outline_00000068660976892517701140000011396894017443136155_\" x=\"0px\" y=\"0px\" viewbox=\"0 0 48 48\" xml:space=\"preserve\"><g>\t<path d=\"M38.47559,26.41992c0,0-4.60547-3.77509-4.60547-3.77509c0-0.50071,0.17684-0.93972,0.62889-1.19805  c0.58982-0.33705,1.10065-0.0563,1.62058,0.24949c0.35337,0.20782,0.82566,0.08281,1.02982-0.27146c0,0,1.49797-2.5961,1.5-2.59961  c0.2051-0.35546,0.07659-0.8257-0.2798-1.02736c-0.55458-0.31476-1.05955-0.59073-1.05956-1.30759  c-0.00001-0.70089,0.52481-0.98499,1.05952-1.28808c0.3496-0.19816,0.48017-0.68094,0.27983-1.02786  c0,0-1.5066-2.6044-1.50976-2.60985c-0.22912-0.39607-0.81355-0.48786-1.15234-0.18067  c-0.8762,0.79444-2.37633-0.048-2.12403-1.22702C33.96151,9.69769,33.5983,9.25,33.12988,9.25c0,0-3.01467,0-3.02001,0  c-0.46707,0-0.83081,0.45235-0.73341,0.90723c0.11035,0.51514-0.16016,1.12158-0.62842,1.38721  c-0.39771,0.23474-0.9472,0.19604-1.33911-0.06555C26.8205,10.17517,25.43787,9.25,24,9.25c-2.06787,0-3.75,1.68213-3.75,3.75  v4.64453l-10.7251,8.7749C9.35107,26.56201,9.25,26.7749,9.25,27c0,0,0,3.99501,0,4c0,0.54314,0.60523,0.93348,1.10938,0.65821  L20.25,26.26318V30.625l-3.7002,2.7749C16.36133,33.5415,16.25,33.76416,16.25,34c0,0,0,3.99938,0,4  c0,0.51283,0.5469,0.90491,1.04541,0.68945L24,35.81592c0,0,6.69925,2.87124,6.70459,2.87354  C31.17639,38.89166,31.75,38.53949,31.75,38v-4c0-0.23584-0.11133-0.4585-0.2998-0.6001L27.75,30.625v-4.36182  c0,0,9.86021,5.37843,9.89056,5.39498C38.13058,31.92546,38.75,31.5549,38.75,31v-4  C38.75,26.77539,38.64941,26.5625,38.47559,26.41992z M29.5,12.84229c0.75977-0.43115,1.26709-1.23486,1.37793-2.09229h1.48389  c0.11084,0.85693,0.6167,1.66016,1.37109,2.08838c0.75244,0.43701,1.69775,0.47314,2.49219,0.14111l0.74951,1.2959  c-0.72168,0.47852-1.16455,1.31543-1.16455,2.23438c0,0.90088,0.44336,1.73682,1.16553,2.21533l-0.75098,1.30127  c-0.76758-0.37451-1.70557-0.32861-2.49805,0.1333c-0.75879,0.43555-1.25684,1.22021-1.34326,2.09033h-1.51855  c-0.05469-0.85645-0.55078-1.62939-1.3501-2.08984c-0.01172-0.00635-0.02344-0.0127-0.03516-0.01904  c-0.77148-0.44336-1.69531-0.48584-2.46387-0.11426l-0.75488-1.30908c0.68895-0.46093,1.10936-1.24703,1.10938-2.0976  c0.00002-0.91764-0.35855-1.77851-1.11133-2.33356l0.75586-1.30664C27.81201,13.32178,28.75342,13.28418,29.5,12.84229z   M37.25,29.73682c0,0-9.86287-5.37988-9.89057-5.39499C26.87341,24.07672,26.25,24.4493,26.25,25v6  c0,0.23584,0.11133,0.4585,0.2998,0.6001L30.25,34.375v2.48779l-5.95459-2.55225c-0.18848-0.08105-0.40234-0.08105-0.59082,0  L17.75,36.86279V34.375l3.7002-2.7749C21.63867,31.4585,21.75,31.23584,21.75,31c0,0,0-5.97344,0-5.99991  c0-0.55545-0.62379-0.92556-1.10938-0.65829L10.75,29.73682v-2.38135l10.7251-8.7749C21.64893,18.43799,21.75,18.2251,21.75,18v-5  c0-1.24072,1.00928-2.25,2.25-2.25c0.7641,0,1.52673,0.45984,1.92731,1.11395c0,0-1.33508,2.30793-1.33648,2.31036  c-0.20428,0.35313-0.07282,0.82853,0.28028,1.02833c0.52522,0.29652,0.99893,0.61588,0.99902,1.28741  c0.00009,0.69338-0.46918,0.99788-1.0083,1.31269c-0.35596,0.20801-0.47754,0.66504-0.271,1.02246c0,0,1.49868,2.59732,1.5,2.59961  c0.20561,0.35634,0.67496,0.48012,1.02976,0.2715c0.54261-0.31905,1.20196-0.55091,1.7753-0.15892  C29.37916,21.8678,29.37012,22.47543,29.37012,23c0,0.41406,0.33594,0.75,0.75,0.75h2.73175L37.25,27.35498V29.73682z\"><\/path>\t<path d=\"M31.61963,19.25049c1.5166,0,2.75-1.2334,2.75-2.75s-1.2334-2.75-2.75-2.75s-2.75,1.2334-2.75,2.75  S30.10303,19.25049,31.61963,19.25049z M31.61963,15.25049c0.68945,0,1.25,0.56055,1.25,1.25s-0.56055,1.25-1.25,1.25  s-1.25-0.56055-1.25-1.25S30.93018,15.25049,31.61963,15.25049z\"><\/path><\/g><\/svg>\t\t\t\t<\/span>\n\t\t\t<\/div>\n\t\t\t\n\t\t\t\t\t\t<div class=\"elementor-icon-box-content\">\n\n\t\t\t\t\t\t\t\t\t<div class=\"elementor-icon-box-title\">\n\t\t\t\t\t\t<span  >\n\t\t\t\t\t\t\tImportante\t\t\t\t\t\t<\/span>\n\t\t\t\t\t<\/div>\n\t\t\t\t\n\t\t\t\t\n\t\t\t<\/div>\n\t\t\t\n\t\t<\/div>\n\t\t\t\t\t\t<\/div>\n\t\t\t\t<div class=\"elementor-element elementor-element-1eb129b5 elementor-widget-divider--view-line elementor-widget elementor-widget-divider\" data-id=\"1eb129b5\" data-element_type=\"widget\" data-e-type=\"widget\" data-widget_type=\"divider.default\">\n\t\t\t\t\t\t\t<div class=\"elementor-divider\">\n\t\t\t<span class=\"elementor-divider-separator\">\n\t\t\t\t\t\t<\/span>\n\t\t<\/div>\n\t\t\t\t\t\t<\/div>\n\t\t\t\t<div class=\"elementor-element elementor-element-69c93068 elementor-widget elementor-widget-text-editor\" data-id=\"69c93068\" data-element_type=\"widget\" data-e-type=\"widget\" data-widget_type=\"text-editor.default\">\n\t\t\t\t\t\t\t\t\tSi busca un equipo de t\u00e9cnicos y profesionales con experiencia en el sector de la aviaci\u00f3n, est\u00e1 en el lugar adecuado. \u00a1P\u00f3ngase en contacto con nosotros hoy mismo!\t\t\t\t\t\t\t\t<\/div>\n\t\t\t\t<\/div>\n\t\t\t\t\t<\/div>\n\t\t\t\t<\/div>\n\t\t\t\t<\/div>","protected":false},"excerpt":{"rendered":"<p>We\u2019re a Commercial Aviation Maintenance Manpower Supply Organization Supporting both MRO\u2019s and Airlines in the Americas. Who we are FOUR WINGS is a Commercial Aviation Maintenance Manpower Supply Organization Supporting both MRO\u2019s and Airlines in the Americas. Our target Customers are spread all throughout the Americas. At FOUR WINGS, our aim is to liaise and [&hellip;]<\/p>\n","protected":false},"author":1,"featured_media":0,"parent":0,"menu_order":0,"comment_status":"closed","ping_status":"closed","template":"elementor_header_footer","meta":{"footnotes":""},"class_list":["post-353","page","type-page","status-publish","hentry"],"_links":{"self":[{"href":"https:\/\/fwgcr.com\/es\/wp-json\/wp\/v2\/pages\/353","targetHints":{"allow":["GET"]}}],"collection":[{"href":"https:\/\/fwgcr.com\/es\/wp-json\/wp\/v2\/pages"}],"about":[{"href":"https:\/\/fwgcr.com\/es\/wp-json\/wp\/v2\/types\/page"}],"author":[{"embeddable":true,"href":"https:\/\/fwgcr.com\/es\/wp-json\/wp\/v2\/users\/1"}],"replies":[{"embeddable":true,"href":"https:\/\/fwgcr.com\/es\/wp-json\/wp\/v2\/comments?post=353"}],"version-history":[{"count":118,"href":"https:\/\/fwgcr.com\/es\/wp-json\/wp\/v2\/pages\/353\/revisions"}],"predecessor-version":[{"id":1032,"href":"https:\/\/fwgcr.com\/es\/wp-json\/wp\/v2\/pages\/353\/revisions\/1032"}],"wp:attachment":[{"href":"https:\/\/fwgcr.com\/es\/wp-json\/wp\/v2\/media?parent=353"}],"curies":[{"name":"wp","href":"https:\/\/api.w.org\/{rel}","templated":true}]}}