{"id":515,"date":"2026-03-17T04:24:19","date_gmt":"2026-03-17T04:24:19","guid":{"rendered":"https:\/\/fwgcr.com\/?page_id=515"},"modified":"2026-04-07T17:23:57","modified_gmt":"2026-04-07T17:23:57","slug":"technical-services","status":"publish","type":"page","link":"https:\/\/fwgcr.com\/es\/technical-services\/","title":{"rendered":"Servicios T\u00e9cnicos"},"content":{"rendered":"<div data-elementor-type=\"wp-page\" data-elementor-id=\"515\" class=\"elementor elementor-515\" data-elementor-post-type=\"page\">\n\t\t\t\t<div class=\"elementor-element elementor-element-39a739bd e-flex e-con-boxed e-con e-parent\" data-id=\"39a739bd\" data-element_type=\"container\" data-e-type=\"container\" data-settings=\"{&quot;background_background&quot;:&quot;classic&quot;}\">\n\t\t\t\t\t<div class=\"e-con-inner\">\n\t\t<div class=\"elementor-element elementor-element-4d581726 e-flex e-con-boxed e-con e-child\" data-id=\"4d581726\" data-element_type=\"container\" data-e-type=\"container\">\n\t\t\t\t\t<div class=\"e-con-inner\">\n\t\t\t\t<div class=\"elementor-element elementor-element-401a6efd elementor-invisible elementor-widget elementor-widget-heading\" data-id=\"401a6efd\" data-element_type=\"widget\" data-e-type=\"widget\" data-settings=\"{&quot;_animation&quot;:&quot;fadeInUp&quot;,&quot;_animation_delay&quot;:200}\" data-widget_type=\"heading.default\">\n\t\t\t\t\t<h1 class=\"elementor-heading-title elementor-size-default\">Servicios T\u00e9cnicos<\/h1>\t\t\t\t<\/div>\n\t\t\t\t\t<\/div>\n\t\t\t\t<\/div>\n\t\t\t\t\t<\/div>\n\t\t\t\t<\/div>\n\t\t<div class=\"elementor-element elementor-element-408c5ea7 e-flex e-con-boxed e-con e-parent\" data-id=\"408c5ea7\" data-element_type=\"container\" data-e-type=\"container\">\n\t\t\t\t\t<div class=\"e-con-inner\">\n\t\t<div class=\"elementor-element elementor-element-752011dc e-con-full e-flex e-con e-child\" data-id=\"752011dc\" data-element_type=\"container\" data-e-type=\"container\" data-settings=\"{&quot;background_background&quot;:&quot;gradient&quot;}\">\n\t\t\t\t<div class=\"elementor-element elementor-element-4c5454c0 elementor-widget elementor-widget-image\" data-id=\"4c5454c0\" data-element_type=\"widget\" data-e-type=\"widget\" data-widget_type=\"image.default\">\n\t\t\t\t\t\t\t\t\t\t\t\t\t\t\t\t<a href=\"https:\/\/fwgcr.com\/es\/technical-services\/avionics\/\">\n\t\t\t\t\t\t\t<img loading=\"lazy\" decoding=\"async\" width=\"960\" height=\"640\" src=\"https:\/\/fwgcr.com\/wp-content\/uploads\/2026\/03\/four-wings-group-technical-services-avionics.webp\" class=\"attachment-full size-full wp-image-636\" alt=\"\" srcset=\"https:\/\/fwgcr.com\/wp-content\/uploads\/2026\/03\/four-wings-group-technical-services-avionics.webp 960w, https:\/\/fwgcr.com\/wp-content\/uploads\/2026\/03\/four-wings-group-technical-services-avionics-300x200.webp 300w, https:\/\/fwgcr.com\/wp-content\/uploads\/2026\/03\/four-wings-group-technical-services-avionics-768x512.webp 768w, https:\/\/fwgcr.com\/wp-content\/uploads\/2026\/03\/four-wings-group-technical-services-avionics-18x12.webp 18w\" sizes=\"auto, (max-width: 960px) 100vw, 960px\" \/>\t\t\t\t\t\t\t\t<\/a>\n\t\t\t\t\t\t\t\t\t\t\t\t\t\t\t<\/div>\n\t\t<div class=\"elementor-element elementor-element-d2a2a05 e-flex e-con-boxed e-con e-child\" data-id=\"d2a2a05\" data-element_type=\"container\" data-e-type=\"container\">\n\t\t\t\t\t<div class=\"e-con-inner\">\n\t\t\t\t<div class=\"elementor-element elementor-element-21a62afa elementor-widget elementor-widget-heading\" data-id=\"21a62afa\" data-element_type=\"widget\" data-e-type=\"widget\" data-widget_type=\"heading.default\">\n\t\t\t\t\t<h4 class=\"elementor-heading-title elementor-size-default\">Avi\u00f3nica<\/h4>\t\t\t\t<\/div>\n\t\t\t\t<div class=\"elementor-element elementor-element-7cd2e154 elementor-widget elementor-widget-text-editor\" data-id=\"7cd2e154\" data-element_type=\"widget\" data-e-type=\"widget\" data-widget_type=\"text-editor.default\">\n\t\t\t\t\t\t\t\t\t<p>Si desea obtener informaci\u00f3n m\u00e1s detallada sobre nuestros servicios t\u00e9cnicos, p\u00f3ngase en contacto con nosotros; estaremos encantados de ayudarle.<\/p>\t\t\t\t\t\t\t\t<\/div>\n\t\t\t\t<div class=\"elementor-element elementor-element-6f7578e3 elementor-widget elementor-widget-button\" data-id=\"6f7578e3\" data-element_type=\"widget\" data-e-type=\"widget\" data-widget_type=\"button.default\">\n\t\t\t\t\t\t\t\t\t\t<a class=\"elementor-button elementor-button-link elementor-size-xs\" href=\"https:\/\/fwgcr.com\/es\/technical-services\/avionics\/\">\n\t\t\t\t\t\t<span class=\"elementor-button-content-wrapper\">\n\t\t\t\t\t\t\t\t\t<span class=\"elementor-button-text\">M\u00e1s Detalles<\/span>\n\t\t\t\t\t<\/span>\n\t\t\t\t\t<\/a>\n\t\t\t\t\t\t\t\t<\/div>\n\t\t\t\t\t<\/div>\n\t\t\t\t<\/div>\n\t\t\t\t<\/div>\n\t\t<div class=\"elementor-element elementor-element-68799225 e-con-full e-flex e-con e-child\" data-id=\"68799225\" data-element_type=\"container\" data-e-type=\"container\" data-settings=\"{&quot;background_background&quot;:&quot;gradient&quot;}\">\n\t\t\t\t<div class=\"elementor-element elementor-element-330ce95a elementor-widget elementor-widget-image\" data-id=\"330ce95a\" data-element_type=\"widget\" data-e-type=\"widget\" data-widget_type=\"image.default\">\n\t\t\t\t\t\t\t\t\t\t\t\t\t\t\t\t<a href=\"https:\/\/fwgcr.com\/es\/technical-services\/aircraft-painting\/\">\n\t\t\t\t\t\t\t<img loading=\"lazy\" decoding=\"async\" width=\"960\" height=\"640\" src=\"https:\/\/fwgcr.com\/wp-content\/uploads\/2026\/03\/four-wings-group-technical-services-aircraft-painting.webp\" class=\"attachment-full size-full wp-image-634\" alt=\"\" srcset=\"https:\/\/fwgcr.com\/wp-content\/uploads\/2026\/03\/four-wings-group-technical-services-aircraft-painting.webp 960w, https:\/\/fwgcr.com\/wp-content\/uploads\/2026\/03\/four-wings-group-technical-services-aircraft-painting-300x200.webp 300w, https:\/\/fwgcr.com\/wp-content\/uploads\/2026\/03\/four-wings-group-technical-services-aircraft-painting-768x512.webp 768w, https:\/\/fwgcr.com\/wp-content\/uploads\/2026\/03\/four-wings-group-technical-services-aircraft-painting-18x12.webp 18w\" sizes=\"auto, (max-width: 960px) 100vw, 960px\" \/>\t\t\t\t\t\t\t\t<\/a>\n\t\t\t\t\t\t\t\t\t\t\t\t\t\t\t<\/div>\n\t\t<div class=\"elementor-element elementor-element-7057d480 e-flex e-con-boxed e-con e-child\" data-id=\"7057d480\" data-element_type=\"container\" data-e-type=\"container\">\n\t\t\t\t\t<div class=\"e-con-inner\">\n\t\t\t\t<div class=\"elementor-element elementor-element-67db48de elementor-widget elementor-widget-heading\" data-id=\"67db48de\" data-element_type=\"widget\" data-e-type=\"widget\" data-widget_type=\"heading.default\">\n\t\t\t\t\t<h4 class=\"elementor-heading-title elementor-size-default\">Pintura de aeronaves<\/h4>\t\t\t\t<\/div>\n\t\t\t\t<div class=\"elementor-element elementor-element-7f18a441 elementor-widget elementor-widget-text-editor\" data-id=\"7f18a441\" data-element_type=\"widget\" data-e-type=\"widget\" data-widget_type=\"text-editor.default\">\n\t\t\t\t\t\t\t\t\t<p>Si desea obtener informaci\u00f3n m\u00e1s detallada sobre nuestros servicios t\u00e9cnicos, p\u00f3ngase en contacto con nosotros; estaremos encantados de ayudarle.<\/p>\t\t\t\t\t\t\t\t<\/div>\n\t\t\t\t<div class=\"elementor-element elementor-element-59533a0e elementor-widget elementor-widget-button\" data-id=\"59533a0e\" data-element_type=\"widget\" data-e-type=\"widget\" data-widget_type=\"button.default\">\n\t\t\t\t\t\t\t\t\t\t<a class=\"elementor-button elementor-button-link elementor-size-xs\" href=\"https:\/\/fwgcr.com\/es\/technical-services\/aircraft-painting\/\">\n\t\t\t\t\t\t<span class=\"elementor-button-content-wrapper\">\n\t\t\t\t\t\t\t\t\t<span class=\"elementor-button-text\">M\u00e1s Detalles<\/span>\n\t\t\t\t\t<\/span>\n\t\t\t\t\t<\/a>\n\t\t\t\t\t\t\t\t<\/div>\n\t\t\t\t\t<\/div>\n\t\t\t\t<\/div>\n\t\t\t\t<\/div>\n\t\t<div class=\"elementor-element elementor-element-a2d84f7 e-con-full e-flex e-con e-child\" data-id=\"a2d84f7\" data-element_type=\"container\" data-e-type=\"container\" data-settings=\"{&quot;background_background&quot;:&quot;gradient&quot;}\">\n\t\t\t\t<div class=\"elementor-element elementor-element-110c99d5 elementor-widget elementor-widget-image\" data-id=\"110c99d5\" data-element_type=\"widget\" data-e-type=\"widget\" data-widget_type=\"image.default\">\n\t\t\t\t\t\t\t\t\t\t\t\t\t\t\t\t<a href=\"https:\/\/fwgcr.com\/es\/technical-services\/structures\/\">\n\t\t\t\t\t\t\t<img loading=\"lazy\" decoding=\"async\" width=\"960\" height=\"640\" src=\"https:\/\/fwgcr.com\/wp-content\/uploads\/2026\/03\/four-wings-group-technical-services-structures.webp\" class=\"attachment-full size-full wp-image-640\" alt=\"\" srcset=\"https:\/\/fwgcr.com\/wp-content\/uploads\/2026\/03\/four-wings-group-technical-services-structures.webp 960w, https:\/\/fwgcr.com\/wp-content\/uploads\/2026\/03\/four-wings-group-technical-services-structures-300x200.webp 300w, https:\/\/fwgcr.com\/wp-content\/uploads\/2026\/03\/four-wings-group-technical-services-structures-768x512.webp 768w, https:\/\/fwgcr.com\/wp-content\/uploads\/2026\/03\/four-wings-group-technical-services-structures-18x12.webp 18w\" sizes=\"auto, (max-width: 960px) 100vw, 960px\" \/>\t\t\t\t\t\t\t\t<\/a>\n\t\t\t\t\t\t\t\t\t\t\t\t\t\t\t<\/div>\n\t\t<div class=\"elementor-element elementor-element-2c3de497 e-flex e-con-boxed e-con e-child\" data-id=\"2c3de497\" data-element_type=\"container\" data-e-type=\"container\">\n\t\t\t\t\t<div class=\"e-con-inner\">\n\t\t\t\t<div class=\"elementor-element elementor-element-48a21d66 elementor-widget elementor-widget-heading\" data-id=\"48a21d66\" data-element_type=\"widget\" data-e-type=\"widget\" data-widget_type=\"heading.default\">\n\t\t\t\t\t<h4 class=\"elementor-heading-title elementor-size-default\">Estructuras<\/h4>\t\t\t\t<\/div>\n\t\t\t\t<div class=\"elementor-element elementor-element-58a620b6 elementor-widget elementor-widget-text-editor\" data-id=\"58a620b6\" data-element_type=\"widget\" data-e-type=\"widget\" data-widget_type=\"text-editor.default\">\n\t\t\t\t\t\t\t\t\t<p>Si desea obtener informaci\u00f3n m\u00e1s detallada sobre nuestros servicios t\u00e9cnicos, p\u00f3ngase en contacto con nosotros; estaremos encantados de ayudarle.<\/p>\t\t\t\t\t\t\t\t<\/div>\n\t\t\t\t<div class=\"elementor-element elementor-element-3910337d elementor-widget elementor-widget-button\" data-id=\"3910337d\" data-element_type=\"widget\" data-e-type=\"widget\" data-widget_type=\"button.default\">\n\t\t\t\t\t\t\t\t\t\t<a class=\"elementor-button elementor-button-link elementor-size-xs\" href=\"https:\/\/fwgcr.com\/es\/technical-services\/structures\/\">\n\t\t\t\t\t\t<span class=\"elementor-button-content-wrapper\">\n\t\t\t\t\t\t\t\t\t<span class=\"elementor-button-text\">M\u00e1s Detalles<\/span>\n\t\t\t\t\t<\/span>\n\t\t\t\t\t<\/a>\n\t\t\t\t\t\t\t\t<\/div>\n\t\t\t\t\t<\/div>\n\t\t\t\t<\/div>\n\t\t\t\t<\/div>\n\t\t<div class=\"elementor-element elementor-element-43b5f6f2 e-con-full e-flex e-con e-child\" data-id=\"43b5f6f2\" data-element_type=\"container\" data-e-type=\"container\" data-settings=\"{&quot;background_background&quot;:&quot;gradient&quot;}\">\n\t\t\t\t<div class=\"elementor-element elementor-element-5645cbd3 elementor-widget elementor-widget-image\" data-id=\"5645cbd3\" data-element_type=\"widget\" data-e-type=\"widget\" data-widget_type=\"image.default\">\n\t\t\t\t\t\t\t\t\t\t\t\t\t\t\t\t<a href=\"https:\/\/fwgcr.com\/es\/technical-services\/systems-flight-controls\/\">\n\t\t\t\t\t\t\t<img loading=\"lazy\" decoding=\"async\" width=\"960\" height=\"640\" src=\"https:\/\/fwgcr.com\/wp-content\/uploads\/2026\/03\/four-wings-group-technical-services-systems-flight-controls.webp\" class=\"attachment-full size-full wp-image-641\" alt=\"\" srcset=\"https:\/\/fwgcr.com\/wp-content\/uploads\/2026\/03\/four-wings-group-technical-services-systems-flight-controls.webp 960w, https:\/\/fwgcr.com\/wp-content\/uploads\/2026\/03\/four-wings-group-technical-services-systems-flight-controls-300x200.webp 300w, https:\/\/fwgcr.com\/wp-content\/uploads\/2026\/03\/four-wings-group-technical-services-systems-flight-controls-768x512.webp 768w, https:\/\/fwgcr.com\/wp-content\/uploads\/2026\/03\/four-wings-group-technical-services-systems-flight-controls-18x12.webp 18w\" sizes=\"auto, (max-width: 960px) 100vw, 960px\" \/>\t\t\t\t\t\t\t\t<\/a>\n\t\t\t\t\t\t\t\t\t\t\t\t\t\t\t<\/div>\n\t\t<div class=\"elementor-element elementor-element-259da955 e-flex e-con-boxed e-con e-child\" data-id=\"259da955\" data-element_type=\"container\" data-e-type=\"container\">\n\t\t\t\t\t<div class=\"e-con-inner\">\n\t\t\t\t<div class=\"elementor-element elementor-element-67c88bae elementor-widget elementor-widget-heading\" data-id=\"67c88bae\" data-element_type=\"widget\" data-e-type=\"widget\" data-widget_type=\"heading.default\">\n\t\t\t\t\t<h4 class=\"elementor-heading-title elementor-size-default\">Sistemas (controles de vuelo)<\/h4>\t\t\t\t<\/div>\n\t\t\t\t<div class=\"elementor-element elementor-element-1bafa7b3 elementor-widget elementor-widget-text-editor\" data-id=\"1bafa7b3\" data-element_type=\"widget\" data-e-type=\"widget\" data-widget_type=\"text-editor.default\">\n\t\t\t\t\t\t\t\t\t<p>Si desea obtener informaci\u00f3n m\u00e1s detallada sobre nuestros servicios t\u00e9cnicos, p\u00f3ngase en contacto con nosotros; estaremos encantados de ayudarle.<\/p>\t\t\t\t\t\t\t\t<\/div>\n\t\t\t\t<div class=\"elementor-element elementor-element-51019052 elementor-widget elementor-widget-button\" data-id=\"51019052\" data-element_type=\"widget\" data-e-type=\"widget\" data-widget_type=\"button.default\">\n\t\t\t\t\t\t\t\t\t\t<a class=\"elementor-button elementor-button-link elementor-size-xs\" href=\"https:\/\/fwgcr.com\/es\/technical-services\/systems-flight-controls\/\">\n\t\t\t\t\t\t<span class=\"elementor-button-content-wrapper\">\n\t\t\t\t\t\t\t\t\t<span class=\"elementor-button-text\">M\u00e1s Detalles<\/span>\n\t\t\t\t\t<\/span>\n\t\t\t\t\t<\/a>\n\t\t\t\t\t\t\t\t<\/div>\n\t\t\t\t\t<\/div>\n\t\t\t\t<\/div>\n\t\t\t\t<\/div>\n\t\t<div class=\"elementor-element elementor-element-2eb0b351 e-con-full e-flex e-con e-child\" data-id=\"2eb0b351\" data-element_type=\"container\" data-e-type=\"container\" data-settings=\"{&quot;background_background&quot;:&quot;gradient&quot;}\">\n\t\t\t\t<div class=\"elementor-element elementor-element-1cee9134 elementor-widget elementor-widget-image\" data-id=\"1cee9134\" data-element_type=\"widget\" data-e-type=\"widget\" data-widget_type=\"image.default\">\n\t\t\t\t\t\t\t\t\t\t\t\t\t\t\t\t<a href=\"https:\/\/fwgcr.com\/es\/technical-services\/engineering-support\/\">\n\t\t\t\t\t\t\t<img loading=\"lazy\" decoding=\"async\" width=\"960\" height=\"640\" src=\"https:\/\/fwgcr.com\/wp-content\/uploads\/2026\/03\/four-wings-group-technical-services-engineering-support.webp\" class=\"attachment-full size-full wp-image-638\" alt=\"\" srcset=\"https:\/\/fwgcr.com\/wp-content\/uploads\/2026\/03\/four-wings-group-technical-services-engineering-support.webp 960w, https:\/\/fwgcr.com\/wp-content\/uploads\/2026\/03\/four-wings-group-technical-services-engineering-support-300x200.webp 300w, https:\/\/fwgcr.com\/wp-content\/uploads\/2026\/03\/four-wings-group-technical-services-engineering-support-768x512.webp 768w, https:\/\/fwgcr.com\/wp-content\/uploads\/2026\/03\/four-wings-group-technical-services-engineering-support-18x12.webp 18w\" sizes=\"auto, (max-width: 960px) 100vw, 960px\" \/>\t\t\t\t\t\t\t\t<\/a>\n\t\t\t\t\t\t\t\t\t\t\t\t\t\t\t<\/div>\n\t\t<div class=\"elementor-element elementor-element-12f9f293 e-flex e-con-boxed e-con e-child\" data-id=\"12f9f293\" data-element_type=\"container\" data-e-type=\"container\">\n\t\t\t\t\t<div class=\"e-con-inner\">\n\t\t\t\t<div class=\"elementor-element elementor-element-7f7a23d5 elementor-widget elementor-widget-heading\" data-id=\"7f7a23d5\" data-element_type=\"widget\" data-e-type=\"widget\" data-widget_type=\"heading.default\">\n\t\t\t\t\t<h4 class=\"elementor-heading-title elementor-size-default\">Asistencia t\u00e9cnica<\/h4>\t\t\t\t<\/div>\n\t\t\t\t<div class=\"elementor-element elementor-element-3bb94ac7 elementor-widget elementor-widget-text-editor\" data-id=\"3bb94ac7\" data-element_type=\"widget\" data-e-type=\"widget\" data-widget_type=\"text-editor.default\">\n\t\t\t\t\t\t\t\t\t<p>Si desea obtener informaci\u00f3n m\u00e1s detallada sobre nuestros servicios t\u00e9cnicos, p\u00f3ngase en contacto con nosotros; estaremos encantados de ayudarle.<\/p>\t\t\t\t\t\t\t\t<\/div>\n\t\t\t\t<div class=\"elementor-element elementor-element-62be4189 elementor-widget elementor-widget-button\" data-id=\"62be4189\" data-element_type=\"widget\" data-e-type=\"widget\" data-widget_type=\"button.default\">\n\t\t\t\t\t\t\t\t\t\t<a class=\"elementor-button elementor-button-link elementor-size-xs\" href=\"https:\/\/fwgcr.com\/es\/technical-services\/engineering-support\/\">\n\t\t\t\t\t\t<span class=\"elementor-button-content-wrapper\">\n\t\t\t\t\t\t\t\t\t<span class=\"elementor-button-text\">M\u00e1s Detalles<\/span>\n\t\t\t\t\t<\/span>\n\t\t\t\t\t<\/a>\n\t\t\t\t\t\t\t\t<\/div>\n\t\t\t\t\t<\/div>\n\t\t\t\t<\/div>\n\t\t\t\t<\/div>\n\t\t<div class=\"elementor-element elementor-element-1054bf0b e-con-full e-flex e-con e-child\" data-id=\"1054bf0b\" data-element_type=\"container\" data-e-type=\"container\" data-settings=\"{&quot;background_background&quot;:&quot;gradient&quot;}\">\n\t\t\t\t<div class=\"elementor-element elementor-element-56f8dec5 elementor-widget elementor-widget-image\" data-id=\"56f8dec5\" data-element_type=\"widget\" data-e-type=\"widget\" data-widget_type=\"image.default\">\n\t\t\t\t\t\t\t\t\t\t\t\t\t\t\t\t<a href=\"https:\/\/fwgcr.com\/es\/technical-services\/interior-refurbishment\/\">\n\t\t\t\t\t\t\t<img loading=\"lazy\" decoding=\"async\" width=\"960\" height=\"640\" src=\"https:\/\/fwgcr.com\/wp-content\/uploads\/2026\/03\/four-wings-group-technical-services-interior-refurbishment.webp\" class=\"attachment-full size-full wp-image-639\" alt=\"\" srcset=\"https:\/\/fwgcr.com\/wp-content\/uploads\/2026\/03\/four-wings-group-technical-services-interior-refurbishment.webp 960w, https:\/\/fwgcr.com\/wp-content\/uploads\/2026\/03\/four-wings-group-technical-services-interior-refurbishment-300x200.webp 300w, https:\/\/fwgcr.com\/wp-content\/uploads\/2026\/03\/four-wings-group-technical-services-interior-refurbishment-768x512.webp 768w, https:\/\/fwgcr.com\/wp-content\/uploads\/2026\/03\/four-wings-group-technical-services-interior-refurbishment-18x12.webp 18w\" sizes=\"auto, (max-width: 960px) 100vw, 960px\" \/>\t\t\t\t\t\t\t\t<\/a>\n\t\t\t\t\t\t\t\t\t\t\t\t\t\t\t<\/div>\n\t\t<div class=\"elementor-element elementor-element-7f386e22 e-flex e-con-boxed e-con e-child\" data-id=\"7f386e22\" data-element_type=\"container\" data-e-type=\"container\">\n\t\t\t\t\t<div class=\"e-con-inner\">\n\t\t\t\t<div class=\"elementor-element elementor-element-745fbe63 elementor-widget elementor-widget-heading\" data-id=\"745fbe63\" data-element_type=\"widget\" data-e-type=\"widget\" data-widget_type=\"heading.default\">\n\t\t\t\t\t<h4 class=\"elementor-heading-title elementor-size-default\">Renovaci\u00f3n de interiores<\/h4>\t\t\t\t<\/div>\n\t\t\t\t<div class=\"elementor-element elementor-element-22b7275e elementor-widget elementor-widget-text-editor\" data-id=\"22b7275e\" data-element_type=\"widget\" data-e-type=\"widget\" data-widget_type=\"text-editor.default\">\n\t\t\t\t\t\t\t\t\t<p>Si desea obtener informaci\u00f3n m\u00e1s detallada sobre nuestros servicios t\u00e9cnicos, p\u00f3ngase en contacto con nosotros; estaremos encantados de ayudarle.<\/p>\t\t\t\t\t\t\t\t<\/div>\n\t\t\t\t<div class=\"elementor-element elementor-element-173d3d47 elementor-widget elementor-widget-button\" data-id=\"173d3d47\" data-element_type=\"widget\" data-e-type=\"widget\" data-widget_type=\"button.default\">\n\t\t\t\t\t\t\t\t\t\t<a class=\"elementor-button elementor-button-link elementor-size-xs\" href=\"https:\/\/fwgcr.com\/es\/technical-services\/interior-refurbishment\/\">\n\t\t\t\t\t\t<span class=\"elementor-button-content-wrapper\">\n\t\t\t\t\t\t\t\t\t<span class=\"elementor-button-text\">M\u00e1s Detalles<\/span>\n\t\t\t\t\t<\/span>\n\t\t\t\t\t<\/a>\n\t\t\t\t\t\t\t\t<\/div>\n\t\t\t\t\t<\/div>\n\t\t\t\t<\/div>\n\t\t\t\t<\/div>\n\t\t<div class=\"elementor-element elementor-element-f1a96fa e-con-full e-flex e-con e-child\" data-id=\"f1a96fa\" data-element_type=\"container\" data-e-type=\"container\" data-settings=\"{&quot;background_background&quot;:&quot;gradient&quot;}\">\n\t\t\t\t<div class=\"elementor-element elementor-element-2d70c64 elementor-widget elementor-widget-image\" data-id=\"2d70c64\" data-element_type=\"widget\" data-e-type=\"widget\" data-widget_type=\"image.default\">\n\t\t\t\t\t\t\t\t\t\t\t\t\t\t\t\t<a href=\"https:\/\/fwgcr.com\/es\/technical-services\/composite-repairs\/\">\n\t\t\t\t\t\t\t<img loading=\"lazy\" decoding=\"async\" width=\"960\" height=\"640\" src=\"https:\/\/fwgcr.com\/wp-content\/uploads\/2026\/03\/four-wings-group-technical-services-composite-repairs.webp\" class=\"attachment-full size-full wp-image-637\" alt=\"\" srcset=\"https:\/\/fwgcr.com\/wp-content\/uploads\/2026\/03\/four-wings-group-technical-services-composite-repairs.webp 960w, https:\/\/fwgcr.com\/wp-content\/uploads\/2026\/03\/four-wings-group-technical-services-composite-repairs-300x200.webp 300w, https:\/\/fwgcr.com\/wp-content\/uploads\/2026\/03\/four-wings-group-technical-services-composite-repairs-768x512.webp 768w, https:\/\/fwgcr.com\/wp-content\/uploads\/2026\/03\/four-wings-group-technical-services-composite-repairs-18x12.webp 18w\" sizes=\"auto, (max-width: 960px) 100vw, 960px\" \/>\t\t\t\t\t\t\t\t<\/a>\n\t\t\t\t\t\t\t\t\t\t\t\t\t\t\t<\/div>\n\t\t<div class=\"elementor-element elementor-element-00d9ad5 e-flex e-con-boxed e-con e-child\" data-id=\"00d9ad5\" data-element_type=\"container\" data-e-type=\"container\">\n\t\t\t\t\t<div class=\"e-con-inner\">\n\t\t\t\t<div class=\"elementor-element elementor-element-554333b elementor-widget elementor-widget-heading\" data-id=\"554333b\" data-element_type=\"widget\" data-e-type=\"widget\" data-widget_type=\"heading.default\">\n\t\t\t\t\t<h4 class=\"elementor-heading-title elementor-size-default\">Reparaciones de materiales compuestos<\/h4>\t\t\t\t<\/div>\n\t\t\t\t<div class=\"elementor-element elementor-element-ee99e7a elementor-widget elementor-widget-text-editor\" data-id=\"ee99e7a\" data-element_type=\"widget\" data-e-type=\"widget\" data-widget_type=\"text-editor.default\">\n\t\t\t\t\t\t\t\t\t<p>Si desea obtener informaci\u00f3n m\u00e1s detallada sobre nuestros servicios t\u00e9cnicos, p\u00f3ngase en contacto con nosotros; estaremos encantados de ayudarle.<\/p>\t\t\t\t\t\t\t\t<\/div>\n\t\t\t\t<div class=\"elementor-element elementor-element-e328c32 elementor-widget elementor-widget-button\" data-id=\"e328c32\" data-element_type=\"widget\" data-e-type=\"widget\" data-widget_type=\"button.default\">\n\t\t\t\t\t\t\t\t\t\t<a class=\"elementor-button elementor-button-link elementor-size-xs\" href=\"https:\/\/fwgcr.com\/es\/technical-services\/composite-repairs\/\">\n\t\t\t\t\t\t<span class=\"elementor-button-content-wrapper\">\n\t\t\t\t\t\t\t\t\t<span class=\"elementor-button-text\">M\u00e1s Detalles<\/span>\n\t\t\t\t\t<\/span>\n\t\t\t\t\t<\/a>\n\t\t\t\t\t\t\t\t<\/div>\n\t\t\t\t\t<\/div>\n\t\t\t\t<\/div>\n\t\t\t\t<\/div>\n\t\t\t\t\t<\/div>\n\t\t\t\t<\/div>\n\t\t\t\t<\/div>","protected":false},"excerpt":{"rendered":"<p>Technical Services Avionics For more detailed information about our technical services, contact us, we\u2019ll be glad to help you. More Details Aircraft Painting For more detailed information about our technical services, contact us, we\u2019ll be glad to help you. More Details Structures For more detailed information about our technical services, contact us, we\u2019ll be glad [&hellip;]<\/p>\n","protected":false},"author":1,"featured_media":0,"parent":0,"menu_order":0,"comment_status":"closed","ping_status":"closed","template":"elementor_header_footer","meta":{"footnotes":""},"class_list":["post-515","page","type-page","status-publish","hentry"],"_links":{"self":[{"href":"https:\/\/fwgcr.com\/es\/wp-json\/wp\/v2\/pages\/515","targetHints":{"allow":["GET"]}}],"collection":[{"href":"https:\/\/fwgcr.com\/es\/wp-json\/wp\/v2\/pages"}],"about":[{"href":"https:\/\/fwgcr.com\/es\/wp-json\/wp\/v2\/types\/page"}],"author":[{"embeddable":true,"href":"https:\/\/fwgcr.com\/es\/wp-json\/wp\/v2\/users\/1"}],"replies":[{"embeddable":true,"href":"https:\/\/fwgcr.com\/es\/wp-json\/wp\/v2\/comments?post=515"}],"version-history":[{"count":49,"href":"https:\/\/fwgcr.com\/es\/wp-json\/wp\/v2\/pages\/515\/revisions"}],"predecessor-version":[{"id":991,"href":"https:\/\/fwgcr.com\/es\/wp-json\/wp\/v2\/pages\/515\/revisions\/991"}],"wp:attachment":[{"href":"https:\/\/fwgcr.com\/es\/wp-json\/wp\/v2\/media?parent=515"}],"curies":[{"name":"wp","href":"https:\/\/api.w.org\/{rel}","templated":true}]}}