{"id":779,"date":"2026-03-26T05:22:24","date_gmt":"2026-03-26T05:22:24","guid":{"rendered":"https:\/\/fwgcr.com\/?page_id=779"},"modified":"2026-03-26T05:29:37","modified_gmt":"2026-03-26T05:29:37","slug":"systems-flight-controls","status":"publish","type":"page","link":"https:\/\/fwgcr.com\/es\/technical-services\/systems-flight-controls\/","title":{"rendered":"Sistemas (controles de vuelo)"},"content":{"rendered":"<div data-elementor-type=\"wp-page\" data-elementor-id=\"779\" class=\"elementor elementor-779\" data-elementor-post-type=\"page\">\n\t\t\t\t<div class=\"elementor-element elementor-element-4325998a e-flex e-con-boxed e-con e-parent\" data-id=\"4325998a\" data-element_type=\"container\" data-e-type=\"container\" data-settings=\"{&quot;background_background&quot;:&quot;classic&quot;}\">\n\t\t\t\t\t<div class=\"e-con-inner\">\n\t\t<div class=\"elementor-element elementor-element-618069e8 e-flex e-con-boxed e-con e-child\" data-id=\"618069e8\" data-element_type=\"container\" data-e-type=\"container\">\n\t\t\t\t\t<div class=\"e-con-inner\">\n\t\t\t\t<div class=\"elementor-element elementor-element-b02a4e0 elementor-invisible elementor-widget elementor-widget-heading\" data-id=\"b02a4e0\" data-element_type=\"widget\" data-e-type=\"widget\" data-settings=\"{&quot;_animation&quot;:&quot;fadeInUp&quot;,&quot;_animation_delay&quot;:200}\" data-widget_type=\"heading.default\">\n\t\t\t\t\t<h6 class=\"elementor-heading-title elementor-size-default\">Servicios T\u00e9cnicos<\/h6>\t\t\t\t<\/div>\n\t\t\t\t<div class=\"elementor-element elementor-element-34c85b08 elementor-invisible elementor-widget elementor-widget-heading\" data-id=\"34c85b08\" data-element_type=\"widget\" data-e-type=\"widget\" data-settings=\"{&quot;_animation&quot;:&quot;fadeInUp&quot;,&quot;_animation_delay&quot;:200}\" data-widget_type=\"heading.default\">\n\t\t\t\t\t<h1 class=\"elementor-heading-title elementor-size-default\">Sistemas (controles de vuelo)<\/h1>\t\t\t\t<\/div>\n\t\t\t\t\t<\/div>\n\t\t\t\t<\/div>\n\t\t\t\t\t<\/div>\n\t\t\t\t<\/div>\n\t\t<div class=\"elementor-element elementor-element-2b2f8419 e-flex e-con-boxed e-con e-parent\" data-id=\"2b2f8419\" data-element_type=\"container\" data-e-type=\"container\">\n\t\t\t\t\t<div class=\"e-con-inner\">\n\t\t<div class=\"elementor-element elementor-element-1dbf9578 e-con-full e-flex elementor-invisible e-con e-child\" data-id=\"1dbf9578\" data-element_type=\"container\" data-e-type=\"container\" data-settings=\"{&quot;animation&quot;:&quot;fadeInLeft&quot;}\">\n\t\t\t\t<div class=\"elementor-element elementor-element-f234f1a elementor-widget elementor-widget-image\" data-id=\"f234f1a\" data-element_type=\"widget\" data-e-type=\"widget\" data-widget_type=\"image.default\">\n\t\t\t\t\t\t\t\t\t\t\t\t\t\t\t<img loading=\"lazy\" decoding=\"async\" width=\"960\" height=\"640\" src=\"https:\/\/fwgcr.com\/wp-content\/uploads\/2026\/03\/four-wings-group-technical-services-systems-flight-controls.webp\" class=\"attachment-full size-full wp-image-641\" alt=\"\" srcset=\"https:\/\/fwgcr.com\/wp-content\/uploads\/2026\/03\/four-wings-group-technical-services-systems-flight-controls.webp 960w, https:\/\/fwgcr.com\/wp-content\/uploads\/2026\/03\/four-wings-group-technical-services-systems-flight-controls-300x200.webp 300w, https:\/\/fwgcr.com\/wp-content\/uploads\/2026\/03\/four-wings-group-technical-services-systems-flight-controls-768x512.webp 768w, https:\/\/fwgcr.com\/wp-content\/uploads\/2026\/03\/four-wings-group-technical-services-systems-flight-controls-18x12.webp 18w\" sizes=\"auto, (max-width: 960px) 100vw, 960px\" \/>\t\t\t\t\t\t\t\t\t\t\t\t\t\t\t<\/div>\n\t\t\t\t<\/div>\n\t\t<div class=\"elementor-element elementor-element-257a7f1b e-con-full e-flex elementor-invisible e-con e-child\" data-id=\"257a7f1b\" data-element_type=\"container\" data-e-type=\"container\" data-settings=\"{&quot;animation&quot;:&quot;fadeInRight&quot;}\">\n\t\t\t\t<div class=\"elementor-element elementor-element-723b654d elementor-widget elementor-widget-heading\" data-id=\"723b654d\" data-element_type=\"widget\" data-e-type=\"widget\" data-widget_type=\"heading.default\">\n\t\t\t\t\t<h4 class=\"elementor-heading-title elementor-size-default\">P\u00f3ngase en contacto con nosotros y perm\u00edtanos ayudar a su organizaci\u00f3n a alcanzar sus objetivos de mantenimiento de manera oportuna y a un costo reducido.<\/h4>\t\t\t\t<\/div>\n\t\t\t\t<div class=\"elementor-element elementor-element-8bafb4a elementor-widget elementor-widget-text-editor\" data-id=\"8bafb4a\" data-element_type=\"widget\" data-e-type=\"widget\" data-widget_type=\"text-editor.default\">\n\t\t\t\t\t\t\t\t\t<p>Perm\u00edtanos presentarle nuestra propuesta de cotizaci\u00f3n para los proyectos que necesita llevar a cabo. Si lo solicita, y seg\u00fan sus preferencias, podemos ofrecerle un presupuesto fijo o una estimaci\u00f3n por hora para los paquetes de trabajo o servicios que necesite realizar.<\/p><p>Tenga la seguridad de que nuestro objetivo principal es ofrecer a nuestros clientes una combinaci\u00f3n de excelente mano de obra a costos razonables, al tiempo que reducimos el tiempo de inactividad de la aeronave.<\/p><p>El equipo de Four Wings Group estar\u00e1 encantado de formar parte del \u00e9xito de su empresa y de trabajar codo a codo con su organizaci\u00f3n para satisfacer sus necesidades de mantenimiento.<\/p><p>Esperamos tener noticias suyas y poder iniciar pronto una relaci\u00f3n comercial mutuamente beneficiosa.<\/p>\t\t\t\t\t\t\t\t<\/div>\n\t\t\t\t<div class=\"elementor-element elementor-element-0131e90 elementor-mobile-align-center elementor-widget elementor-widget-button\" data-id=\"0131e90\" data-element_type=\"widget\" data-e-type=\"widget\" data-widget_type=\"button.default\">\n\t\t\t\t\t\t\t\t\t\t<a class=\"elementor-button elementor-button-link elementor-size-sm\" href=\"https:\/\/fwgcr.com\/es\/contact\/\">\n\t\t\t\t\t\t<span class=\"elementor-button-content-wrapper\">\n\t\t\t\t\t\t\t\t\t<span class=\"elementor-button-text\">Solicitar m\u00e1s informaci\u00f3n<\/span>\n\t\t\t\t\t<\/span>\n\t\t\t\t\t<\/a>\n\t\t\t\t\t\t\t\t<\/div>\n\t\t\t\t<\/div>\n\t\t\t\t\t<\/div>\n\t\t\t\t<\/div>\n\t\t\t\t<\/div>","protected":false},"excerpt":{"rendered":"<p>Technical Services Please contact us and let us help your organization achieve your maintenance goals in a timely manner at reduced costs. Allow us to submit our bid proposal for the projects you need to undertake. Upon your request, and based on your preference, we may either provide you with a fixed figure or an [&hellip;]<\/p>\n","protected":false},"author":1,"featured_media":0,"parent":515,"menu_order":0,"comment_status":"closed","ping_status":"closed","template":"","meta":{"footnotes":""},"class_list":["post-779","page","type-page","status-publish","hentry"],"_links":{"self":[{"href":"https:\/\/fwgcr.com\/es\/wp-json\/wp\/v2\/pages\/779","targetHints":{"allow":["GET"]}}],"collection":[{"href":"https:\/\/fwgcr.com\/es\/wp-json\/wp\/v2\/pages"}],"about":[{"href":"https:\/\/fwgcr.com\/es\/wp-json\/wp\/v2\/types\/page"}],"author":[{"embeddable":true,"href":"https:\/\/fwgcr.com\/es\/wp-json\/wp\/v2\/users\/1"}],"replies":[{"embeddable":true,"href":"https:\/\/fwgcr.com\/es\/wp-json\/wp\/v2\/comments?post=779"}],"version-history":[{"count":4,"href":"https:\/\/fwgcr.com\/es\/wp-json\/wp\/v2\/pages\/779\/revisions"}],"predecessor-version":[{"id":798,"href":"https:\/\/fwgcr.com\/es\/wp-json\/wp\/v2\/pages\/779\/revisions\/798"}],"up":[{"embeddable":true,"href":"https:\/\/fwgcr.com\/es\/wp-json\/wp\/v2\/pages\/515"}],"wp:attachment":[{"href":"https:\/\/fwgcr.com\/es\/wp-json\/wp\/v2\/media?parent=779"}],"curies":[{"name":"wp","href":"https:\/\/api.w.org\/{rel}","templated":true}]}}